{"id":1115,"date":"2024-03-12T13:42:25","date_gmt":"2024-03-12T13:42:25","guid":{"rendered":"https:\/\/1k-global.de\/?page_id=1115"},"modified":"2024-05-16T10:05:01","modified_gmt":"2024-05-16T10:05:01","slug":"unternehmen","status":"publish","type":"page","link":"https:\/\/1k-global.de\/?page_id=1115","title":{"rendered":"Unternehmen"},"content":{"rendered":"\t\t<div data-elementor-type=\"wp-page\" data-elementor-id=\"1115\" class=\"elementor elementor-1115\" data-elementor-post-type=\"page\">\n\t\t\t\t<div class=\"elementor-element elementor-element-68a5b9a e-flex e-con-boxed e-con e-parent\" data-id=\"68a5b9a\" data-element_type=\"container\" data-settings=\"{&quot;background_background&quot;:&quot;classic&quot;}\">\n\t\t\t\t\t<div class=\"e-con-inner\">\n\t\t\t\t<div class=\"elementor-element elementor-element-fafbe03 elementor-widget elementor-widget-heading\" data-id=\"fafbe03\" data-element_type=\"widget\" data-widget_type=\"heading.default\">\n\t\t\t\t<div class=\"elementor-widget-container\">\n\t\t\t<h1 class=\"elementor-heading-title elementor-size-default\">UnternehmeN<\/h1>\t\t<\/div>\n\t\t\t\t<\/div>\n\t\t\t\t\t<\/div>\n\t\t\t\t<\/div>\n\t\t<div class=\"elementor-element elementor-element-dcdeac1 e-flex e-con-boxed e-con e-parent\" data-id=\"dcdeac1\" data-element_type=\"container\">\n\t\t\t\t\t<div class=\"e-con-inner\">\n\t\t<div class=\"elementor-element elementor-element-fc605c1 e-con-full e-flex e-con e-child\" data-id=\"fc605c1\" data-element_type=\"container\">\n\t\t\t\t<div class=\"elementor-element elementor-element-42f889e elementor-widget elementor-widget-text-editor\" data-id=\"42f889e\" data-element_type=\"widget\" data-widget_type=\"text-editor.default\">\n\t\t\t\t<div class=\"elementor-widget-container\">\n\t\t\t\t\t\t\t<p><strong>Direkt vom Hersteller<\/strong><\/p><p>20 Jahre Folienkompetenz<\/p><p>Als 1K Global,<\/p><p>Wir stellen Ihnen unsere 20-j\u00e4hrige Erfahrung und unser Wissen zur Verf\u00fcgung.Wir bieten hervorragende Qualit\u00e4t und Service f\u00fcr alle Arten von Produkten, insbesondere f\u00fcr Filme. Unter diesen Dienstleistungen legen wir gr\u00f6\u00dften Wert auf;<\/p><ul><li>\u00a0 Sehr schneller Versand<\/li><li>\u00a0 Zu Ihnen oder direkt zu Ihrem Kunden<\/li><li>\u00a0 Inklusive Versand<\/li><li>\u00a0 Egal welche Stadt in Deutschland.<\/li><\/ul><p><strong>Sie \u00fcberlegen, wo Sie die Stretchfolie kaufen? Bei uns sind Sie richtig!<\/strong><\/p><p>Wir liefern Stretchfolie von Europas f\u00fchrendem Stretchfolienhersteller. Dadurch wissen wir, dass der von uns f\u00fcr unsere Partner angebotene Preis der Stretchfolie sehr attraktiv ist.Wir laden Sie zum Stellen einer Anfrage ein.Die Mindestbestellmenge zum Erstellen eines Angebots ist eine Palette mit der Stretchfolie.<\/p>\t\t\t\t\t\t<\/div>\n\t\t\t\t<\/div>\n\t\t\t\t<\/div>\n\t\t<div class=\"elementor-element elementor-element-6523b68 e-con-full e-flex e-con e-child\" data-id=\"6523b68\" data-element_type=\"container\">\n\t\t\t\t<div class=\"elementor-element elementor-element-f23be04 e-transform elementor-widget elementor-widget-image\" data-id=\"f23be04\" data-element_type=\"widget\" data-settings=\"{&quot;_transform_translateX_effect&quot;:{&quot;unit&quot;:&quot;px&quot;,&quot;size&quot;:&quot;&quot;,&quot;sizes&quot;:[]},&quot;_transform_translateX_effect_widescreen&quot;:{&quot;unit&quot;:&quot;px&quot;,&quot;size&quot;:&quot;&quot;,&quot;sizes&quot;:[]},&quot;_transform_translateX_effect_laptop&quot;:{&quot;unit&quot;:&quot;px&quot;,&quot;size&quot;:&quot;&quot;,&quot;sizes&quot;:[]},&quot;_transform_translateX_effect_tablet&quot;:{&quot;unit&quot;:&quot;px&quot;,&quot;size&quot;:&quot;&quot;,&quot;sizes&quot;:[]},&quot;_transform_translateX_effect_mobile&quot;:{&quot;unit&quot;:&quot;px&quot;,&quot;size&quot;:&quot;&quot;,&quot;sizes&quot;:[]},&quot;_transform_translateY_effect&quot;:{&quot;unit&quot;:&quot;px&quot;,&quot;size&quot;:&quot;&quot;,&quot;sizes&quot;:[]},&quot;_transform_translateY_effect_widescreen&quot;:{&quot;unit&quot;:&quot;px&quot;,&quot;size&quot;:&quot;&quot;,&quot;sizes&quot;:[]},&quot;_transform_translateY_effect_laptop&quot;:{&quot;unit&quot;:&quot;px&quot;,&quot;size&quot;:&quot;&quot;,&quot;sizes&quot;:[]},&quot;_transform_translateY_effect_tablet&quot;:{&quot;unit&quot;:&quot;px&quot;,&quot;size&quot;:&quot;&quot;,&quot;sizes&quot;:[]},&quot;_transform_translateY_effect_mobile&quot;:{&quot;unit&quot;:&quot;px&quot;,&quot;size&quot;:&quot;&quot;,&quot;sizes&quot;:[]}}\" data-widget_type=\"image.default\">\n\t\t\t\t<div class=\"elementor-widget-container\">\n\t\t\t\t\t\t\t\t\t\t\t\t\t<img fetchpriority=\"high\" decoding=\"async\" width=\"800\" height=\"800\" src=\"https:\/\/1k-global.de\/wp-content\/uploads\/2024\/03\/film-1.jpg\" class=\"attachment-large size-large wp-image-1703\" alt=\"film\" srcset=\"https:\/\/1k-global.de\/wp-content\/uploads\/2024\/03\/film-1.jpg 800w, https:\/\/1k-global.de\/wp-content\/uploads\/2024\/03\/film-1-300x300.jpg 300w, https:\/\/1k-global.de\/wp-content\/uploads\/2024\/03\/film-1-100x100.jpg 100w, https:\/\/1k-global.de\/wp-content\/uploads\/2024\/03\/film-1-600x600.jpg 600w, https:\/\/1k-global.de\/wp-content\/uploads\/2024\/03\/film-1-150x150.jpg 150w, https:\/\/1k-global.de\/wp-content\/uploads\/2024\/03\/film-1-768x768.jpg 768w\" sizes=\"(max-width: 800px) 100vw, 800px\" \/>\t\t\t\t\t\t\t\t\t\t\t\t\t<\/div>\n\t\t\t\t<\/div>\n\t\t\t\t<\/div>\n\t\t\t\t\t<\/div>\n\t\t\t\t<\/div>\n\t\t<div class=\"elementor-element elementor-element-9fd0024 e-flex e-con-boxed e-con e-parent\" data-id=\"9fd0024\" data-element_type=\"container\">\n\t\t\t\t\t<div class=\"e-con-inner\">\n\t\t\t\t<div class=\"elementor-element elementor-element-50eef97 elementor-widget elementor-widget-video\" data-id=\"50eef97\" data-element_type=\"widget\" data-settings=\"{&quot;video_type&quot;:&quot;hosted&quot;,&quot;controls&quot;:&quot;yes&quot;}\" data-widget_type=\"video.default\">\n\t\t\t\t<div class=\"elementor-widget-container\">\n\t\t\t\t\t<div class=\"e-hosted-video elementor-wrapper elementor-open-inline\">\n\t\t\t\t\t<video class=\"elementor-video\" src=\"https:\/\/1k-global.de\/wp-content\/uploads\/2024\/05\/1K-Global.mp4\" controls=\"\" preload=\"metadata\" controlsList=\"nodownload\"><\/video>\n\t\t\t\t<\/div>\n\t\t\t\t<\/div>\n\t\t\t\t<\/div>\n\t\t\t\t\t<\/div>\n\t\t\t\t<\/div>\n\t\t\t\t<\/div>\n\t\t","protected":false},"excerpt":{"rendered":"<p>UnternehmeN Direkt vom Hersteller 20 Jahre Folienkompetenz Als 1K Global, Wir stellen Ihnen unsere 20-j\u00e4hrige Erfahrung und unser Wissen zur Verf\u00fcgung.Wir bieten hervorragende Qualit\u00e4t und Service f\u00fcr alle Arten von Produkten, insbesondere f\u00fcr Filme. Unter diesen Dienstleistungen legen wir gr\u00f6\u00dften Wert auf; \u00a0 Sehr schneller Versand \u00a0 Zu Ihnen oder direkt zu Ihrem Kunden \u00a0 [&hellip;]<\/p>\n","protected":false},"author":1,"featured_media":0,"parent":0,"menu_order":0,"comment_status":"closed","ping_status":"closed","template":"","meta":{"_acf_changed":false,"rank_math_lock_modified_date":false,"footnotes":""},"class_list":["post-1115","page","type-page","status-publish","hentry"],"acf":[],"_links":{"self":[{"href":"https:\/\/1k-global.de\/index.php?rest_route=\/wp\/v2\/pages\/1115","targetHints":{"allow":["GET"]}}],"collection":[{"href":"https:\/\/1k-global.de\/index.php?rest_route=\/wp\/v2\/pages"}],"about":[{"href":"https:\/\/1k-global.de\/index.php?rest_route=\/wp\/v2\/types\/page"}],"author":[{"embeddable":true,"href":"https:\/\/1k-global.de\/index.php?rest_route=\/wp\/v2\/users\/1"}],"replies":[{"embeddable":true,"href":"https:\/\/1k-global.de\/index.php?rest_route=%2Fwp%2Fv2%2Fcomments&post=1115"}],"version-history":[{"count":88,"href":"https:\/\/1k-global.de\/index.php?rest_route=\/wp\/v2\/pages\/1115\/revisions"}],"predecessor-version":[{"id":2218,"href":"https:\/\/1k-global.de\/index.php?rest_route=\/wp\/v2\/pages\/1115\/revisions\/2218"}],"wp:attachment":[{"href":"https:\/\/1k-global.de\/index.php?rest_route=%2Fwp%2Fv2%2Fmedia&parent=1115"}],"curies":[{"name":"wp","href":"https:\/\/api.w.org\/{rel}","templated":true}]}}